{"id":286,"date":"2016-10-31T13:17:59","date_gmt":"2016-10-31T16:17:59","guid":{"rendered":"https:\/\/eet2gualeguaychu-ers.infd.edu.ar\/sitio\/?page_id=286"},"modified":"2025-09-04T00:32:10","modified_gmt":"2025-09-04T03:32:10","slug":"inicio","status":"publish","type":"page","link":"https:\/\/eet2gualeguaychu-ers.infd.edu.ar\/sitio\/","title":{"rendered":"Inicio"},"content":{"rendered":"\n<div class=\"wp-block-cover\" style=\"min-height:700px\"><span aria-hidden=\"true\" class=\"wp-block-cover__background has-background-dim-20 has-background-dim\"><\/span><img decoding=\"async\" loading=\"lazy\" width=\"1366\" height=\"768\" class=\"wp-block-cover__image-background wp-image-1089\" alt=\"\" src=\"https:\/\/eet2gualeguaychu-ers.infd.edu.ar\/sitio\/wp-content\/uploads\/2025\/08\/escuela.png\" data-object-fit=\"cover\" srcset=\"https:\/\/eet2gualeguaychu-ers.infd.edu.ar\/sitio\/wp-content\/uploads\/2025\/08\/escuela.png 1366w, https:\/\/eet2gualeguaychu-ers.infd.edu.ar\/sitio\/wp-content\/uploads\/2025\/08\/escuela-1000x562.png 1000w, https:\/\/eet2gualeguaychu-ers.infd.edu.ar\/sitio\/wp-content\/uploads\/2025\/08\/escuela-768x432.png 768w\" sizes=\"(max-width: 1366px) 100vw, 1366px\" \/><div class=\"wp-block-cover__inner-container\">\n<p class=\"has-text-align-left has-large-font-size\">   <strong>BIENVENIDO AL SITIO WEB DEL<\/strong><br>   <span style=\"display:inline-block; margin-top:2px;\"><strong>E.E.T. N\u00b02 \u00abPbro. JOS\u00c9 MAR\u00cdA COLOMBO\u00bb<\/strong>   <\/span><\/p>\n\n\n\n<p><\/p>\n\n\n\n<p><\/p>\n\n\n\n<p><\/p>\n\n\n\n<p><\/p>\n\n\n\n<p class=\"has-text-align-left has-large-font-size\"> <\/p>\n\n\n\n<p><\/p>\n\n\n\n<div class=\"wp-block-buttons is-content-justification-center is-layout-flex wp-container-1\"><\/div>\n<\/div><\/div>\n\n\n\n<style>\n\/* ======= CONTENEDOR GENERAL ======= *\/\n.section-wrapper-bg {\n  background: #f8f8f8;\n  width: 100%;\n  padding: 50px 0;\n}\n\n.section-wrapper {\n  max-width: 1200px;\n  margin: 0 auto;\n  border-radius: 16px;\n  box-sizing: border-box;\n}\n\n\/* ======= CABECERA ======= *\/\n.section-hero {\n  width: 100%;\n  background: #008037;\n  color: #fff;\n  text-align: center;\n  padding: 30px 20px;\n  border-radius: 16px 16px 0 0;\n  box-shadow: 0 8px 24px rgba(0,0,0,0.18);\n}\n.section-hero h2 {\n  margin: 0;\n  font-size: clamp(28px, 4vw, 44px);\n  letter-spacing: 1.5px;\n  font-weight: 900;\n  text-transform: uppercase;\n  color: #fff;\n}\n.section-sub {\n  width: 100%;\n  background: #fff;\n  color: #008037;\n  text-align: center;\n  padding: 12px 20px 20px;\n  margin-top: -6px;\n  border-bottom-left-radius: 16px;\n  border-bottom-right-radius: 16px;\n  box-shadow: 0 6px 18px rgba(0,0,0,0.08);\n  margin-bottom: 30px;\n}\n.section-sub p {\n  margin: 0;\n  font-size: clamp(15px, 2vw, 18px);\n  font-weight: 600;\n}\n\n\/* ======= TARJETAS ======= *\/\n.cards-container {\n  display: flex;\n  gap: 20px;\n  width: 100%;\n  box-sizing: border-box;\n}\n.card {\n  flex: 1;\n  display: flex;\n  background: #fff;\n  border: 3px solid #008037;\n  border-radius: 16px;\n  overflow: hidden;\n  box-shadow: 0 6px 18px rgba(0,0,0,0.12);\n  transition: transform .25s ease, box-shadow .25s ease;\n  min-height: 300px;\n}\n.card:hover {\n  transform: translateY(-6px);\n  box-shadow: 0 10px 26px rgba(0,0,0,0.16);\n}\n.card a.card-image-link {\n  display: contents;\n}\n.card img {\n  width: 42%;\n  height: 100%;\n  object-fit: cover;\n}\n.card-content {\n  padding: 24px;\n  flex: 1;\n  text-align: center;\n  display: flex;\n  flex-direction: column;\n  justify-content: center;\n}\n.card-content h3 {\n  margin: 0 0 12px;\n  font-size: 1.5rem;\n  color: #222;\n  font-weight: 800;\n}\n.card-content p {\n  margin: 0;\n  font-size: 1rem;\n  color: #555;\n  line-height: 1.55;\n}\n.btn {\n  align-self: center;\n  margin-top: 16px;\n  padding: 10px 22px;\n  background: #008037;\n  color: #fff !important;\n  border-radius: 26px;\n  text-decoration: none !important;\n  font-weight: 800;\n  transition: background .25s ease, transform .1s ease;\n}\n.btn:hover {\n  background: #005a26;\n  transform: translateY(-1px);\n}\n\n\/* ======= RESPONSIVE ======= *\/\n@media (max-width: 992px) {\n  .cards-container {\n    flex-direction: column;\n    padding: 0 15px;\n  }\n  .card img {\n    width: 100%;\n    height: 220px;\n  }\n  .card {\n    flex-direction: column;\n    min-height: auto;\n  }\n}\n<\/style>\n\n<section class=\"section-wrapper-bg\" aria-labelledby=\"propuestas-academicas\">\n  <div class=\"section-wrapper\">\n    <!-- Cabecera -->\n    <div class=\"section-hero\">\n      <h2 id=\"propuestas-academicas\">NUESTRAS PROPUESTAS ACAD\u00c9MICAS<\/h2>\n    <\/div>\n    <div class=\"section-sub\">\n      <p>Formaci\u00f3n acad\u00e9mica de calidad para tu futuro<\/p>\n    <\/div>\n\n    <!-- Tarjetas -->\n    <div class=\"cards-container\">\n      <!-- Tarjeta 1 -->\n      <div class=\"card\">\n        <a class=\"card-image-link\" href=\"https:\/\/unsplash.com\/photos\/students-learn-about-technology-with-a-teacher-8C0z7VjaK8Y\" target=\"_blank\" rel=\"noopener\">\n          <img decoding=\"async\" src=\"https:\/\/media.istockphoto.com\/id\/1366724990\/es\/foto\/sonriente-profesor-de-inform%C3%A1tica-usando-una-computadora-port%C3%A1til-durante-una-clase-y-mirando.jpg?s=612x612&#038;w=0&#038;k=20&#038;c=wcLvTAuBASo1yxM7EoVd8mDIEYonEEmMoc0N68FfYqY=\" alt=\"Docente guiando a estudiantes con tecnolog\u00eda en el aula\">\n        <\/a>\n        <div class=\"card-content\">\n          <h3>Profesorado en Educaci\u00f3n Tecnol\u00f3gica<\/h3>\n          <p>Formate como docente en el \u00e1rea de la tecnolog\u00eda, combinando conocimientos pedag\u00f3gicos y t\u00e9cnicos para ense\u00f1ar en distintos niveles educativos.<\/p>\n          <a href=\"https:\/\/eet2gualeguaychu-ers.infd.edu.ar\/sitio\/profesorado-de-educacion-tecnologica\/\" class=\"btn\">Ver m\u00e1s<\/a>\n        <\/div>\n      <\/div>\n\n      <!-- Tarjeta 2 -->\n      <div class=\"card\">\n        <a class=\"card-image-link\" href=\"https:\/\/unsplash.com\/photos\/young-mechanic-of-modern-production-factory-examining-one-of-industrial-machines-or-repairing-it-bvm5Kg7Xd3U\" target=\"_blank\" rel=\"noopener\">\n          <img decoding=\"async\" src=\"https:\/\/jprietovalles.com\/wp-content\/uploads\/mantenimiento-industrial-fontaneria-electricidad.webp\" alt=\"T\u00e9cnico realizando mantenimiento en maquinaria industrial\">\n        <\/a>\n        <div class=\"card-content\">\n          <h3>Tecnicatura Superior en Mantenimiento Industrial<\/h3>\n          <p>Convertite en un profesional capacitado para planificar, ejecutar y supervisar tareas de mantenimiento en industrias de diferentes sectores.<\/p>\n          <a href=\"https:\/\/eet2gualeguaychu-ers.infd.edu.ar\/sitio\/tecnicatura-superior-en-mantenimiento-industrial\/\" class=\"btn\">Ver m\u00e1s<\/a>\n        <\/div>\n      <\/div>\n    <\/div>\n  <\/div>\n<\/section>\n","protected":false},"excerpt":{"rendered":"<p>NUESTRAS PROPUESTAS ACAD\u00c9MICAS Formaci\u00f3n acad\u00e9mica de calidad para tu futuro Profesorado en Educaci\u00f3n Tecnol\u00f3gica Formate como docente en el \u00e1rea de la tecnolog\u00eda, combinando conocimientos pedag\u00f3gicos y t\u00e9cnicos para ense\u00f1ar en distintos niveles educativos. Ver m\u00e1s Tecnicatura Superior en Mantenimiento Industrial Convertite en un profesional capacitado para planificar, ejecutar y supervisar tareas de mantenimiento en &#8230; <a title=\"Inicio\" class=\"read-more\" href=\"https:\/\/eet2gualeguaychu-ers.infd.edu.ar\/sitio\/\" aria-label=\"More on Inicio\">[+]<\/a><\/p>\n","protected":false},"author":1,"featured_media":0,"parent":0,"menu_order":0,"comment_status":"closed","ping_status":"closed","template":"","meta":[],"acf":[],"_links":{"self":[{"href":"https:\/\/eet2gualeguaychu-ers.infd.edu.ar\/sitio\/wp-json\/wp\/v2\/pages\/286"}],"collection":[{"href":"https:\/\/eet2gualeguaychu-ers.infd.edu.ar\/sitio\/wp-json\/wp\/v2\/pages"}],"about":[{"href":"https:\/\/eet2gualeguaychu-ers.infd.edu.ar\/sitio\/wp-json\/wp\/v2\/types\/page"}],"author":[{"embeddable":true,"href":"https:\/\/eet2gualeguaychu-ers.infd.edu.ar\/sitio\/wp-json\/wp\/v2\/users\/1"}],"replies":[{"embeddable":true,"href":"https:\/\/eet2gualeguaychu-ers.infd.edu.ar\/sitio\/wp-json\/wp\/v2\/comments?post=286"}],"version-history":[{"count":123,"href":"https:\/\/eet2gualeguaychu-ers.infd.edu.ar\/sitio\/wp-json\/wp\/v2\/pages\/286\/revisions"}],"predecessor-version":[{"id":1126,"href":"https:\/\/eet2gualeguaychu-ers.infd.edu.ar\/sitio\/wp-json\/wp\/v2\/pages\/286\/revisions\/1126"}],"wp:attachment":[{"href":"https:\/\/eet2gualeguaychu-ers.infd.edu.ar\/sitio\/wp-json\/wp\/v2\/media?parent=286"}],"curies":[{"name":"wp","href":"https:\/\/api.w.org\/{rel}","templated":true}]}}