{"id":892,"date":"2025-08-14T19:25:29","date_gmt":"2025-08-14T22:25:29","guid":{"rendered":"https:\/\/eet2gualeguaychu-ers.infd.edu.ar\/sitio\/?page_id=892"},"modified":"2025-09-04T00:26:33","modified_gmt":"2025-09-04T03:26:33","slug":"propuestas-academicas","status":"publish","type":"page","link":"https:\/\/eet2gualeguaychu-ers.infd.edu.ar\/sitio\/propuestas-academicas\/","title":{"rendered":"Propuestas Ac\u00e1demicas"},"content":{"rendered":"\n<div class=\"wp-block-columns alignwide is-layout-flex wp-container-5\" style=\"margin-bottom:0\">\n<div class=\"wp-block-column has-text-color has-background has-link-color wp-elements-f2ce5692576a3f42b185c121bbc9c23c is-layout-flow\" style=\"color:#000000;background-color:#ffe97d;padding-top:2em;padding-right:2em;padding-bottom:2em;padding-left:2em\">\n<h2 class=\"wp-block-heading has-text-align-center\" id=\"single\" style=\"font-size:40px\">Tecnicatura Superior en Mantenimiento Industrial<\/h2>\n\n\n\n<p class=\"has-text-align-center has-normal-font-size\" style=\"line-height:1.5\"><strong>Aprobado por la Resoluci\u00f3n 1096\/15 CGE<\/strong> <\/p>\n\n\n\n<hr class=\"wp-block-separator has-text-color has-css-opacity has-background is-style-wide\" style=\"background-color:#000000;color:#000000\"\/>\n\n\n\n<ul class=\"has-normal-font-size\">\n<li>Modalida: Presencial<\/li>\n\n\n\n<li>Duracion de la carrera: 3 a\u00f1os<\/li>\n<\/ul>\n\n\n\n<div class=\"wp-block-buttons is-content-justification-center is-layout-flex wp-container-1\">\n<div class=\"wp-block-button\"><a class=\"wp-block-button__link has-base-3-color has-text-color has-background wp-element-button\" href=\"https:\/\/eet2gualeguaychu-ers.infd.edu.ar\/sitio\/tecnicatura-superior-en-mantenimiento-industrial\/\" style=\"background-color:#1d5903\">+INFO<\/a><\/div>\n<\/div>\n<\/div>\n\n\n\n<div class=\"wp-block-column has-base-3-color has-text-color has-background has-link-color wp-elements-8ea4a829a7250ec71f09e2ccfe1dc964 is-layout-flow\" style=\"background-color:#1d5903;padding-top:2em;padding-right:2em;padding-bottom:2em;padding-left:2em\">\n<h2 class=\"wp-block-heading has-text-align-center has-base-3-color has-text-color\" id=\"family\" style=\"font-size:40px\">Profesorado de Educaci\u00f3n Tecnol\u00f3gica<\/h2>\n\n\n\n<p class=\"has-text-align-center has-normal-font-size\" style=\"line-height:1.5\"><strong>Ap<\/strong>robado por la Resoluci\u00f3n 4798\/15 CGE<\/p>\n\n\n\n<hr class=\"wp-block-separator has-text-color has-base-3-color has-alpha-channel-opacity has-base-3-background-color has-background is-style-wide\"\/>\n\n\n\n<ul class=\"has-normal-font-size\">\n<li>Modalida: Presencial<\/li>\n\n\n\n<li>Duracion de la carrera: 4 a\u00f1os<\/li>\n<\/ul>\n\n\n\n<div class=\"wp-block-buttons is-content-justification-center is-layout-flex wp-container-3\">\n<div class=\"wp-block-button\"><a class=\"wp-block-button__link has-contrast-color has-text-color has-background has-text-align-center wp-element-button\" href=\"https:\/\/eet2gualeguaychu-ers.infd.edu.ar\/sitio\/profesorado-de-educacion-tecnologica\" style=\"background-color:#ffe97d\">+ INFO<\/a><\/div>\n<\/div>\n<\/div>\n<\/div>\n","protected":false},"excerpt":{"rendered":"<p>Tecnicatura Superior en Mantenimiento Industrial Aprobado por la Resoluci\u00f3n 1096\/15 CGE Profesorado de Educaci\u00f3n Tecnol\u00f3gica Aprobado por la Resoluci\u00f3n 4798\/15 CGE<\/p>\n","protected":false},"author":1153,"featured_media":0,"parent":0,"menu_order":0,"comment_status":"closed","ping_status":"closed","template":"","meta":[],"acf":[],"_links":{"self":[{"href":"https:\/\/eet2gualeguaychu-ers.infd.edu.ar\/sitio\/wp-json\/wp\/v2\/pages\/892"}],"collection":[{"href":"https:\/\/eet2gualeguaychu-ers.infd.edu.ar\/sitio\/wp-json\/wp\/v2\/pages"}],"about":[{"href":"https:\/\/eet2gualeguaychu-ers.infd.edu.ar\/sitio\/wp-json\/wp\/v2\/types\/page"}],"author":[{"embeddable":true,"href":"https:\/\/eet2gualeguaychu-ers.infd.edu.ar\/sitio\/wp-json\/wp\/v2\/users\/1153"}],"replies":[{"embeddable":true,"href":"https:\/\/eet2gualeguaychu-ers.infd.edu.ar\/sitio\/wp-json\/wp\/v2\/comments?post=892"}],"version-history":[{"count":57,"href":"https:\/\/eet2gualeguaychu-ers.infd.edu.ar\/sitio\/wp-json\/wp\/v2\/pages\/892\/revisions"}],"predecessor-version":[{"id":1124,"href":"https:\/\/eet2gualeguaychu-ers.infd.edu.ar\/sitio\/wp-json\/wp\/v2\/pages\/892\/revisions\/1124"}],"wp:attachment":[{"href":"https:\/\/eet2gualeguaychu-ers.infd.edu.ar\/sitio\/wp-json\/wp\/v2\/media?parent=892"}],"curies":[{"name":"wp","href":"https:\/\/api.w.org\/{rel}","templated":true}]}}