{"id":920,"date":"2025-08-19T16:57:47","date_gmt":"2025-08-19T19:57:47","guid":{"rendered":"https:\/\/eet2gualeguaychu-ers.infd.edu.ar\/sitio\/?page_id=920"},"modified":"2025-08-20T11:00:51","modified_gmt":"2025-08-20T14:00:51","slug":"tecnicatura-superior-en-mantenimiento-industrial","status":"publish","type":"page","link":"https:\/\/eet2gualeguaychu-ers.infd.edu.ar\/sitio\/tecnicatura-superior-en-mantenimiento-industrial\/","title":{"rendered":"Tecnicatura Superior en Mantenimiento Industrial"},"content":{"rendered":"\n<p>Incumbencias: <\/p>\n\n\n\n<ul>\n<li>Realizar con eficacia el mantenimiento en todo tipo de industrias y talleres.<\/li>\n\n\n\n<li>Elaborar y controlar programas de mantenimiento predictivo, preventivo y correctivo.<\/li>\n\n\n\n<li>Confeccionar los manuales que establecen las normas de funcionamiento de plantas industriales.<\/li>\n\n\n\n<li>Participar en la confeccion de los manuales de calidad.<\/li>\n\n\n\n<li>Colaborar con el sector de Seguridad Industrial en la definicion de normas como en la supervision de los mismos.<\/li>\n\n\n\n<li>Realizar actividades de auxiliar del ingeniero en mantenimiento, y controlar de los disposiciones establecidas por este.<\/li>\n<\/ul>\n\n\n\n<figure class=\"wp-block-table is-style-stripes\"><table class=\"has-base-3-background-color has-background\"><tbody><tr><td>&#x1f4cc; <strong>Documentaci\u00f3n necesaria para la inscripci\u00f3n<\/strong><\/td><\/tr><tr><td>&#x2705; Fotocopia del t\u00edtulo secundario o constancia de t\u00edtulo en tr\u00e1mite.<br>&#x2705; Fotocopia de la partida de nacimiento.<br>&#x2705; Fotocopia de la 1\u00b0 y 2\u00b0 hoja del DNI (frente y dorso).<br>&#x2705; Constancia de CUIL.<br>&#x2705; 2 fotos carnet (4&#215;4).<\/td><\/tr><\/tbody><\/table><\/figure>\n\n\n\n<h3 class=\"wp-block-heading has-text-align-center has-contrast-color has-text-color has-background has-medium-font-size\" style=\"background-color:#ffe97d;text-transform:uppercase\">Estructura Curricular<\/h3>\n\n\n\n<div class=\"wp-block-columns has-contrast-color has-text-color is-layout-flex wp-container-5\">\n<div class=\"wp-block-column is-layout-flow\">\n<div class=\"wp-block-columns is-layout-flex wp-container-3\">\n<div class=\"wp-block-column is-layout-flow\" style=\"flex-basis:100%\">\n<div class=\"wp-block-group is-content-justification-center is-nowrap is-layout-flex wp-container-1\">\n<figure class=\"wp-block-table alignleft is-style-regular has-small-font-size\"><table class=\"has-contrast-color has-text-color has-fixed-layout\"><thead><tr><th class=\"has-text-align-center\" data-align=\"center\">Primer A\u00f1o<\/th><th class=\"has-text-align-center\" data-align=\"center\">Segundo A\u00f1o<\/th><th class=\"has-text-align-center\" data-align=\"center\">Tercer A\u00f1o<\/th><\/tr><\/thead><tbody><tr><td class=\"has-text-align-center\" data-align=\"center\">Mantenimiento industrial I<\/td><td class=\"has-text-align-center\" data-align=\"center\">\u00c9tica y Deontolog\u00eda Profesional<\/td><td class=\"has-text-align-center\" data-align=\"center\">Derechos Humanos<\/td><\/tr><tr><td class=\"has-text-align-center\" data-align=\"center\">Tecnologia y Problematicas Sociales<\/td><td class=\"has-text-align-center\" data-align=\"center\">Mantenimiento Industrial II<\/td><td class=\"has-text-align-center\" data-align=\"center\">Buenas Pr\u00e1cticas de Mantenimiento<\/td><\/tr><tr><td class=\"has-text-align-center\" data-align=\"center\">Materiales<\/td><td class=\"has-text-align-center\" data-align=\"center\">Legua Extrangera: Ingl\u00e9s T\u00e9cnico I<\/td><td class=\"has-text-align-center\" data-align=\"center\">Lengua Extranjera: Ingl\u00e9s T\u00e9cnico II<\/td><\/tr><tr><td class=\"has-text-align-center\" data-align=\"center\">Matem\u00e1tica<\/td><td class=\"has-text-align-center\" data-align=\"center\">Electrotecnia II<\/td><td class=\"has-text-align-center\" data-align=\"center\">Tecnolog\u00eda del Mantenimiento<\/td><\/tr><tr><td class=\"has-text-align-center\" data-align=\"center\">F\u00edsica <\/td><td class=\"has-text-align-center\" data-align=\"center\">M\u00e1quinas y Herramientas<\/td><td class=\"has-text-align-center\" data-align=\"center\">Calidad en Procesos Productivos y Servicios<\/td><\/tr><tr><td class=\"has-text-align-center\" data-align=\"center\">Sistema de Representaci\u00f3n I<\/td><td class=\"has-text-align-center\" data-align=\"center\">Mec\u00e1nica de los Fluidos <\/td><td class=\"has-text-align-center\" data-align=\"center\">Seguridad, Higiene y Ambiente <\/td><\/tr><tr><td class=\"has-text-align-center\" data-align=\"center\">Qu\u00edmica Aplicada<\/td><td class=\"has-text-align-center\" data-align=\"center\">Sistema de Representacion II<\/td><td class=\"has-text-align-center\" data-align=\"center\">Tecnolog\u00eda de Organizacion y Gesti\u00f3n<\/td><\/tr><tr><td class=\"has-text-align-center\" data-align=\"center\">Electrotecn\u00eda I<\/td><td class=\"has-text-align-center\" data-align=\"center\">Automaticaci\u00f3n y Control<\/td><td class=\"has-text-align-center\" data-align=\"center\">Practica Profesionalizante III<\/td><\/tr><tr><td class=\"has-text-align-center\" data-align=\"center\">Inform\u00e1tica<\/td><td class=\"has-text-align-center\" data-align=\"center\">Investigaci\u00f3n <\/td><td class=\"has-text-align-center\" data-align=\"center\"><\/td><\/tr><tr><td class=\"has-text-align-center\" data-align=\"center\">Pr\u00e1ctica Profesionalizante I<\/td><td class=\"has-text-align-center\" data-align=\"center\">Pr\u00e1ctica Profesionalizante II<\/td><td class=\"has-text-align-center\" data-align=\"center\"><\/td><\/tr><\/tbody><\/table><\/figure>\n<\/div>\n<\/div>\n<\/div>\n<\/div>\n<\/div>\n","protected":false},"excerpt":{"rendered":"<p>Incumbencias: &#x1f4cc; Documentaci\u00f3n necesaria para la inscripci\u00f3n &#x2705; Fotocopia del t\u00edtulo secundario o constancia de t\u00edtulo en tr\u00e1mite.&#x2705; Fotocopia de la partida de nacimiento.&#x2705; Fotocopia de la 1\u00b0 y 2\u00b0 hoja del DNI (frente y dorso).&#x2705; Constancia de CUIL.&#x2705; 2 fotos carnet (4&#215;4). Estructura Curricular Primer A\u00f1o Segundo A\u00f1o Tercer A\u00f1o Mantenimiento industrial I \u00c9tica &#8230; <a title=\"Tecnicatura Superior en Mantenimiento Industrial\" class=\"read-more\" href=\"https:\/\/eet2gualeguaychu-ers.infd.edu.ar\/sitio\/tecnicatura-superior-en-mantenimiento-industrial\/\" aria-label=\"More on Tecnicatura Superior en Mantenimiento Industrial\">[+]<\/a><\/p>\n","protected":false},"author":1153,"featured_media":0,"parent":0,"menu_order":0,"comment_status":"closed","ping_status":"closed","template":"","meta":[],"acf":[],"_links":{"self":[{"href":"https:\/\/eet2gualeguaychu-ers.infd.edu.ar\/sitio\/wp-json\/wp\/v2\/pages\/920"}],"collection":[{"href":"https:\/\/eet2gualeguaychu-ers.infd.edu.ar\/sitio\/wp-json\/wp\/v2\/pages"}],"about":[{"href":"https:\/\/eet2gualeguaychu-ers.infd.edu.ar\/sitio\/wp-json\/wp\/v2\/types\/page"}],"author":[{"embeddable":true,"href":"https:\/\/eet2gualeguaychu-ers.infd.edu.ar\/sitio\/wp-json\/wp\/v2\/users\/1153"}],"replies":[{"embeddable":true,"href":"https:\/\/eet2gualeguaychu-ers.infd.edu.ar\/sitio\/wp-json\/wp\/v2\/comments?post=920"}],"version-history":[{"count":11,"href":"https:\/\/eet2gualeguaychu-ers.infd.edu.ar\/sitio\/wp-json\/wp\/v2\/pages\/920\/revisions"}],"predecessor-version":[{"id":1033,"href":"https:\/\/eet2gualeguaychu-ers.infd.edu.ar\/sitio\/wp-json\/wp\/v2\/pages\/920\/revisions\/1033"}],"wp:attachment":[{"href":"https:\/\/eet2gualeguaychu-ers.infd.edu.ar\/sitio\/wp-json\/wp\/v2\/media?parent=920"}],"curies":[{"name":"wp","href":"https:\/\/api.w.org\/{rel}","templated":true}]}}