{"id":928,"date":"2025-08-19T21:16:58","date_gmt":"2025-08-20T00:16:58","guid":{"rendered":"https:\/\/eet2gualeguaychu-ers.infd.edu.ar\/sitio\/?page_id=928"},"modified":"2025-08-20T11:01:25","modified_gmt":"2025-08-20T14:01:25","slug":"profesorado-de-educacion-tecnologica","status":"publish","type":"page","link":"https:\/\/eet2gualeguaychu-ers.infd.edu.ar\/sitio\/profesorado-de-educacion-tecnologica\/","title":{"rendered":"Profesorado de Educaci\u00f3n Tecnol\u00f3gica"},"content":{"rendered":"\n<p>Incumbencias: Profesor de Educaci\u00f3n Tecnol\u00f3gica &#8211; Primaria y Secundaria <\/p>\n\n\n\n<figure class=\"wp-block-table is-style-stripes\"><table><tbody><tr><td>&#x1f4cc;&nbsp;<strong>Documentaci\u00f3n necesaria para la inscripci\u00f3n<\/strong><\/td><\/tr><tr><td>&#x2705; Fotocopia del t\u00edtulo secundario o constancia de t\u00edtulo en tr\u00e1mite.<br>&#x2705; Fotocopia de la partida de nacimiento.<br>&#x2705; Fotocopia de la 1\u00b0 y 2\u00b0 hoja del DNI (frente y dorso).<br>&#x2705; Constancia de CUIL.<br>&#x2705; 2 fotos carnet (4\u00d74).<\/td><\/tr><\/tbody><\/table><\/figure>\n\n\n\n<h2 class=\"wp-block-heading has-text-align-center has-base-3-color has-text-color has-background has-medium-font-size\" style=\"background-color:#1d5903;text-transform:uppercase\">Estructura Curricular <\/h2>\n\n\n\n<figure class=\"wp-block-table is-style-regular has-small-font-size\" style=\"text-decoration:none\"><table class=\"has-text-color has-fixed-layout\" style=\"color:#1d5903\"><thead><tr><th class=\"has-text-align-center\" data-align=\"center\">Primer A\u00f1o<\/th><th class=\"has-text-align-center\" data-align=\"center\">Segundo A\u00f1o<\/th><th class=\"has-text-align-center\" data-align=\"center\">Tercer A\u00f1o<\/th><th class=\"has-text-align-center\" data-align=\"center\">Cuarto A\u00f1o<\/th><\/tr><\/thead><tbody><tr><td class=\"has-text-align-center\" data-align=\"center\">Pedagog\u00eda<\/td><td class=\"has-text-align-center\" data-align=\"center\">Filosof\u00eda<\/td><td class=\"has-text-align-center\" data-align=\"center\">Derechos Humanos: \u00c9tica y Ciudadan\u00eda<\/td><td class=\"has-text-align-center\" data-align=\"center\">An\u00e1lisis y Organizaci\u00f3n de la Instituciones Educativas <\/td><\/tr><tr><td class=\"has-text-align-center\" data-align=\"center\">Corporeidad, Juegos y Lenguajes Art\u00edsticos<\/td><td class=\"has-text-align-center\" data-align=\"center\">Historia Social, Pol\u00edtica Argentina y Latinoamericana<\/td><td class=\"has-text-align-center\" data-align=\"center\">Sociolog\u00eda de la Educaci\u00f3n<\/td><td class=\"has-text-align-center\" data-align=\"center\">Educaci\u00f3n Sexual Integral<\/td><\/tr><tr><td class=\"has-text-align-center\" data-align=\"center\">Oralidad, Lectura, Escritura y TIC<\/td><td class=\"has-text-align-center\" data-align=\"center\">Psicolog\u00eda de la Educaci\u00f3n <\/td><td class=\"has-text-align-center\" data-align=\"center\">Historia de la Educaci\u00f3n Argentina<\/td><td class=\"has-text-align-center\" data-align=\"center\">Filosof\u00eda y Epistemolog\u00eda de la Tecnolog\u00eda <\/td><\/tr><tr><td class=\"has-text-align-center\" data-align=\"center\">Did\u00e1ctica General <\/td><td class=\"has-text-align-center\" data-align=\"center\">Procesos y Tecnolog\u00edas II<\/td><td class=\"has-text-align-center\" data-align=\"center\">Procesos y Tecnolog\u00edas III<\/td><td class=\"has-text-align-center\" data-align=\"center\">Procesos y Tecnolog\u00edas de la Informaci\u00f3n y las Comunicaciones<\/td><\/tr><tr><td class=\"has-text-align-center\" data-align=\"center\">Estudios Socio-culturales de la Tecnolog\u00eda<\/td><td class=\"has-text-align-center\" data-align=\"center\">Did\u00e1ctica de la Educaci\u00f3n Tecnol\u00f3gica I<\/td><td class=\"has-text-align-center\" data-align=\"center\">Procesos y Tecnolog\u00edas de Control, Programaci\u00f3n y Rob\u00f3tica<\/td><td class=\"has-text-align-center\" data-align=\"center\">Investigaci\u00f3n y Desarrollo en Ciencia y Tecnolog\u00eda <\/td><\/tr><tr><td class=\"has-text-align-center\" data-align=\"center\">Procesos y Tecnolog\u00edas I<\/td><td class=\"has-text-align-center\" data-align=\"center\">Sujeto de la Educaci\u00f3n <\/td><td class=\"has-text-align-center\" data-align=\"center\">Didactica de la Educaci\u00f3n Tecnol\u00f3gica II<\/td><td class=\"has-text-align-center\" data-align=\"center\">Procesos y Operaciones Unitarias<\/td><\/tr><tr><td class=\"has-text-align-center\" data-align=\"center\">Educaci\u00f3n Tecnol\u00f3gica <\/td><td class=\"has-text-align-center\" data-align=\"center\">Dise\u00f1o y Construcci\u00f3n de Modelos II<\/td><td class=\"has-text-align-center\" data-align=\"center\">F\u00edsica II<\/td><td class=\"has-text-align-center\" data-align=\"center\">UDI<\/td><\/tr><tr><td class=\"has-text-align-center\" data-align=\"center\">Dise\u00f1o y Construcci\u00f3n de Modelos I<\/td><td class=\"has-text-align-center\" data-align=\"center\">F\u00edsica I<\/td><td class=\"has-text-align-center\" data-align=\"center\">UDI<\/td><td class=\"has-text-align-center\" data-align=\"center\">Pr\u00e1ctica Profesionalizal Docente IV<\/td><\/tr><tr><td class=\"has-text-align-center\" data-align=\"center\">Matem\u00e1tica<\/td><td class=\"has-text-align-center\" data-align=\"center\">Estudios Socio-hist\u00f3ricos de la Tecnolog\u00eda<\/td><td class=\"has-text-align-center\" data-align=\"center\">Pr\u00e1ctica Profesional Docente III<\/td><td class=\"has-text-align-center\" data-align=\"center\"><\/td><\/tr><tr><td class=\"has-text-align-center\" data-align=\"center\">Pr\u00e1tica Profesional Docente I<\/td><td class=\"has-text-align-center\" data-align=\"center\">Pr\u00e1ctica Profesional Docente II<\/td><td class=\"has-text-align-center\" data-align=\"center\"><\/td><td class=\"has-text-align-center\" data-align=\"center\"><\/td><\/tr><\/tbody><\/table><\/figure>\n","protected":false},"excerpt":{"rendered":"<p>Incumbencias: Profesor de Educaci\u00f3n Tecnol\u00f3gica &#8211; Primaria y Secundaria &#x1f4cc;&nbsp;Documentaci\u00f3n necesaria para la inscripci\u00f3n &#x2705; Fotocopia del t\u00edtulo secundario o constancia de t\u00edtulo en tr\u00e1mite.&#x2705; Fotocopia de la partida de nacimiento.&#x2705; Fotocopia de la 1\u00b0 y 2\u00b0 hoja del DNI (frente y dorso).&#x2705; Constancia de CUIL.&#x2705; 2 fotos carnet (4\u00d74). Estructura Curricular Primer A\u00f1o Segundo &#8230; <a title=\"Profesorado de Educaci\u00f3n Tecnol\u00f3gica\" class=\"read-more\" href=\"https:\/\/eet2gualeguaychu-ers.infd.edu.ar\/sitio\/profesorado-de-educacion-tecnologica\/\" aria-label=\"More on Profesorado de Educaci\u00f3n Tecnol\u00f3gica\">[+]<\/a><\/p>\n","protected":false},"author":1153,"featured_media":0,"parent":0,"menu_order":0,"comment_status":"closed","ping_status":"closed","template":"","meta":[],"acf":[],"_links":{"self":[{"href":"https:\/\/eet2gualeguaychu-ers.infd.edu.ar\/sitio\/wp-json\/wp\/v2\/pages\/928"}],"collection":[{"href":"https:\/\/eet2gualeguaychu-ers.infd.edu.ar\/sitio\/wp-json\/wp\/v2\/pages"}],"about":[{"href":"https:\/\/eet2gualeguaychu-ers.infd.edu.ar\/sitio\/wp-json\/wp\/v2\/types\/page"}],"author":[{"embeddable":true,"href":"https:\/\/eet2gualeguaychu-ers.infd.edu.ar\/sitio\/wp-json\/wp\/v2\/users\/1153"}],"replies":[{"embeddable":true,"href":"https:\/\/eet2gualeguaychu-ers.infd.edu.ar\/sitio\/wp-json\/wp\/v2\/comments?post=928"}],"version-history":[{"count":6,"href":"https:\/\/eet2gualeguaychu-ers.infd.edu.ar\/sitio\/wp-json\/wp\/v2\/pages\/928\/revisions"}],"predecessor-version":[{"id":1034,"href":"https:\/\/eet2gualeguaychu-ers.infd.edu.ar\/sitio\/wp-json\/wp\/v2\/pages\/928\/revisions\/1034"}],"wp:attachment":[{"href":"https:\/\/eet2gualeguaychu-ers.infd.edu.ar\/sitio\/wp-json\/wp\/v2\/media?parent=928"}],"curies":[{"name":"wp","href":"https:\/\/api.w.org\/{rel}","templated":true}]}}